{"id":197,"date":"2020-04-21T13:15:57","date_gmt":"2020-04-21T10:15:57","guid":{"rendered":"http:\/\/www.labormed.biz\/en\/?page_id=197"},"modified":"2020-08-31T10:41:14","modified_gmt":"2020-08-31T07:41:14","slug":"contact","status":"publish","type":"page","link":"http:\/\/www.labormed.biz\/en\/contact\/","title":{"rendered":"Contact"},"content":{"rendered":"<p><strong>Address :<\/strong> \u0130zzetpa\u015fa Mah. G\u00fcr\u00fcn Cad. No:1 D:1 K\u00f6\u015fe Apt. \u015ei\u015fli \/ \u0130stanbul<\/p>\n<p><strong>Telephone :<\/strong> <a href=\"tel:+90 212 343 72 05\" rel=\"noreferrer\">+90 212 343 72 05<\/a><\/p>\n<p><strong>Telephone :<\/strong> <a href=\"tel:+90 212 343 72 06\" rel=\"noreferrer\">+90 212 343 72 06<\/a><\/p>\n<p><strong>Gsm :<\/strong> <a href=\"tel:+90 553 034 86 60\">+90 553 034 86 60<\/a><\/p>\n<p><strong>Fax :<\/strong> <a href=\"fax:0212 343 72 07\" rel=\"noreferrer\">0212 343 72 07<\/a><\/p>\n<p><strong>E-mail :<\/strong> <a class=\"grey\" href=\"mailto:info@labormed.biz\" rel=\"noreferrer\">info@labormed.biz<\/a><\/p>\n<p><iframe loading=\"lazy\" style=\"border: 0;\" tabindex=\"0\" src=\"https:\/\/www.google.com\/maps\/embed?pb=!1m14!1m8!1m3!1d12032.12830393554!2d28.9864496!3d41.0682915!3m2!1i1024!2i768!4f13.1!3m3!1m2!1s0x0%3A0x60d4483b9e5a948d!2zTGFib3JtZWQgVMSxYmJpIMO8csO8bmxlcg!5e0!3m2!1str!2str!4v1587464143461!5m2!1str!2str\" width=\"100%\" height=\"450\" frameborder=\"0\" allowfullscreen=\"allowfullscreen\" aria-hidden=\"false\"><span data-mce-type=\"bookmark\" style=\"display: inline-block; width: 0px; overflow: hidden; line-height: 0;\" class=\"mce_SELRES_start\">\ufeff<\/span><\/iframe><\/p>\n","protected":false},"excerpt":{"rendered":"<p>Address : \u0130zzetpa\u015fa Mah. G\u00fcr\u00fcn Cad. No:1 D:1 K\u00f6\u015fe Apt. \u015ei\u015fli \/ \u0130stanbul Telephone : +90 212 343 72 05 Telephone : +90 212 343 72 06 Gsm : +90 553 034 86 60 Fax : 0212 343 72 07 E-mail : info@labormed.biz \ufeff<\/p>\n","protected":false},"author":1,"featured_media":0,"parent":0,"menu_order":0,"comment_status":"closed","ping_status":"closed","template":"","meta":{"footnotes":""},"class_list":["post-197","page","type-page","status-publish","hentry"],"_links":{"self":[{"href":"http:\/\/www.labormed.biz\/en\/wp-json\/wp\/v2\/pages\/197","targetHints":{"allow":["GET"]}}],"collection":[{"href":"http:\/\/www.labormed.biz\/en\/wp-json\/wp\/v2\/pages"}],"about":[{"href":"http:\/\/www.labormed.biz\/en\/wp-json\/wp\/v2\/types\/page"}],"author":[{"embeddable":true,"href":"http:\/\/www.labormed.biz\/en\/wp-json\/wp\/v2\/users\/1"}],"replies":[{"embeddable":true,"href":"http:\/\/www.labormed.biz\/en\/wp-json\/wp\/v2\/comments?post=197"}],"version-history":[{"count":2,"href":"http:\/\/www.labormed.biz\/en\/wp-json\/wp\/v2\/pages\/197\/revisions"}],"predecessor-version":[{"id":314,"href":"http:\/\/www.labormed.biz\/en\/wp-json\/wp\/v2\/pages\/197\/revisions\/314"}],"wp:attachment":[{"href":"http:\/\/www.labormed.biz\/en\/wp-json\/wp\/v2\/media?parent=197"}],"curies":[{"name":"wp","href":"https:\/\/api.w.org\/{rel}","templated":true}]}}